{"id":33,"date":"2023-01-08T22:13:56","date_gmt":"2023-01-08T21:13:56","guid":{"rendered":"https:\/\/libreria.heesacker.it\/?page_id=33"},"modified":"2023-01-08T23:04:45","modified_gmt":"2023-01-08T22:04:45","slug":"caratteristiche","status":"publish","type":"page","link":"https:\/\/libreria.heesacker.it\/?page_id=33","title":{"rendered":"Caratteristiche"},"content":{"rendered":"\n<p class=\"has-medium-font-size\">Aggiungere un libro manualmente<\/p>\n\n\n\n<figure class=\"wp-block-gallery has-nested-images columns-default is-cropped wp-block-gallery-1 is-layout-flex wp-block-gallery-is-layout-flex\">\n<figure class=\"wp-block-image size-large\"><img loading=\"lazy\" decoding=\"async\" width=\"518\" height=\"1024\" data-id=\"21\" src=\"https:\/\/libreria.heesacker.it\/wp-content\/uploads\/2023\/01\/home-518x1024.png\" alt=\"\" class=\"wp-image-21\" srcset=\"https:\/\/libreria.heesacker.it\/wp-content\/uploads\/2023\/01\/home-518x1024.png 518w, https:\/\/libreria.heesacker.it\/wp-content\/uploads\/2023\/01\/home-152x300.png 152w, https:\/\/libreria.heesacker.it\/wp-content\/uploads\/2023\/01\/home-768x1518.png 768w, https:\/\/libreria.heesacker.it\/wp-content\/uploads\/2023\/01\/home-777x1536.png 777w, https:\/\/libreria.heesacker.it\/wp-content\/uploads\/2023\/01\/home-1036x2048.png 1036w, https:\/\/libreria.heesacker.it\/wp-content\/uploads\/2023\/01\/home.png 1080w\" sizes=\"auto, (max-width: 518px) 100vw, 518px\" \/><\/figure>\n\n\n\n<figure class=\"wp-block-image size-large\"><img loading=\"lazy\" decoding=\"async\" width=\"499\" height=\"1024\" data-id=\"34\" src=\"https:\/\/libreria.heesacker.it\/wp-content\/uploads\/2023\/01\/photo_2023-01-08_22-04-39-499x1024.jpg\" alt=\"\" class=\"wp-image-34\" srcset=\"https:\/\/libreria.heesacker.it\/wp-content\/uploads\/2023\/01\/photo_2023-01-08_22-04-39-499x1024.jpg 499w, https:\/\/libreria.heesacker.it\/wp-content\/uploads\/2023\/01\/photo_2023-01-08_22-04-39-146x300.jpg 146w, https:\/\/libreria.heesacker.it\/wp-content\/uploads\/2023\/01\/photo_2023-01-08_22-04-39.jpg 624w\" sizes=\"auto, (max-width: 499px) 100vw, 499px\" \/><\/figure>\n\n\n\n<figure class=\"wp-block-image size-large\"><img loading=\"lazy\" decoding=\"async\" width=\"518\" height=\"1024\" data-id=\"20\" src=\"https:\/\/libreria.heesacker.it\/wp-content\/uploads\/2023\/01\/book-518x1024.png\" alt=\"\" class=\"wp-image-20\" srcset=\"https:\/\/libreria.heesacker.it\/wp-content\/uploads\/2023\/01\/book-518x1024.png 518w, https:\/\/libreria.heesacker.it\/wp-content\/uploads\/2023\/01\/book-152x300.png 152w, https:\/\/libreria.heesacker.it\/wp-content\/uploads\/2023\/01\/book-768x1518.png 768w, https:\/\/libreria.heesacker.it\/wp-content\/uploads\/2023\/01\/book-777x1536.png 777w, https:\/\/libreria.heesacker.it\/wp-content\/uploads\/2023\/01\/book-1036x2048.png 1036w, https:\/\/libreria.heesacker.it\/wp-content\/uploads\/2023\/01\/book.png 1080w\" sizes=\"auto, (max-width: 518px) 100vw, 518px\" \/><\/figure>\n<\/figure>\n\n\n\n<ol>\n  <li>Aprire l&#8217;applicazione e fare clic sull&#8217;opzione &#8220;Aggiungi nuovo libro&#8221;.<\/li>\n  <li>Fare clic sulla copertina del libro per cercarne una sul web. Selezionare l&#8217;immagine desiderata e fare clic su &#8220;Seleziona immagine&#8221;.<\/li>\n  <li>Nella sezione &#8220;Valutazione&#8221;, utilizzare le stelle per assegnare una valutazione da 0 a 5 al libro.<\/li>\n  <li>Se il libro \u00e8 nella tua lista dei preferiti, selezionare l&#8217;opzione &#8220;Preferiti&#8221;. Se invece il libro \u00e8 nella tua lista dei desideri, selezionare l&#8217;opzione &#8220;Wishlist&#8221;.<\/li>\n  <li>Selezionare il formato del libro nella sezione &#8220;Formato&#8221;.<\/li>\n  <li>Se il libro \u00e8 stato prestato, selezionare l&#8217;opzione &#8220;Prestato&#8221;. Se invece il libro \u00e8 in pausa, selezionare l&#8217;opzione &#8220;In pausa&#8221;. Se il libro \u00e8 stato acquistato o regalato, selezionare l&#8217;opzione appropriata.<\/li>\n  <li>Inserire il titolo del libro nella sezione &#8220;Titolo&#8221;. Se il libro ha un sottotitolo, inserirlo nella sezione &#8220;Sottotitolo&#8221;.<\/li>\n  <li>Inserire gli autori del libro nella sezione &#8220;Autori&#8221;. Utilizzare i suggerimenti per facilitare la ricerca.<\/li>\n  <li>Inserire le categorie del libro nella sezione &#8220;Categorie&#8221;. Utilizzare i suggerimenti per facilitare la ricerca.<\/li>\n  <li>Inserire i tags del libro nella sezione &#8220;Tags&#8221;. Utilizzare i suggerimenti per facilitare la ricerca.<\/li>\n  <li>Inserire la data di inizio e di fine lettura del libro nella sezione &#8220;Date&#8221;.<\/li>\n  <li>Inserire il numero di pagine del libro nella sezione &#8220;Numero di pagine&#8221;.<\/li>\n  <li>Se si desidera aggiungere un segnalibro, fare clic sull&#8217;opzione &#8220;Aggiungi segnalibro&#8221; e inserire la posizione del segnalibro.<\/li>\n  <li>Se il libro fa parte di una serie, inserire il nome della serie e il volume nella sezione &#8220;Serie&#8221;.<\/li>\n  <li>Inserire l&#8217;editore del libro nella sezione &#8220;Editore&#8221;. Utilizzare i suggerimenti per facilitare la ricerca.<\/li>\n  <li>Inserire la data di pubblicazione del libro nella sezione &#8220;Data di pubblicazione&#8221;.<\/li>\n\n  <li>Inserire il codice ISBN-13 e ISBN-10 del libro nella sezione &#8220;ISBN&#8221;.<\/li>\n  <li>Inserire il link allo store dove \u00e8 possibile acquistare il libro nella sezione &#8220;Store link&#8221;.<\/li>\n  <li>Inserire il prezzo del libro nella sezione &#8220;Prezzo&#8221;.<\/li>\n  <li>Selezionare il paese in cui \u00e8 stato pubblicato il libro nella sezione &#8220;Paese&#8221;.<\/li>\n  <li>Selezionare la lingua in cui \u00e8 stato pubblicato il libro nella sezione &#8220;Lingua&#8221;.<\/li>\n  <li>Inserire la trama del libro nella sezione &#8220;Trama&#8221;.<\/li>\n  <li>Inserire eventuali note personali nella sezione &#8220;Note personali&#8221;.<\/li>\n  <li>Fare clic sul pulsante &#8220;Salva&#8221; per aggiungere il libro all&#8217;applicazione.<\/li>\n<\/ol>\n\n\n\n<hr class=\"wp-block-separator has-text-color has-black-color has-alpha-channel-opacity has-black-background-color has-background\"\/>\n\n\n\n<h2 class=\"wp-block-heading\" id=\"reminder\">Promemoria<\/h2>\n\n\n\n<figure class=\"wp-block-video\"><video height=\"1280\" style=\"aspect-ratio: 590 \/ 1280;\" width=\"590\" controls src=\"https:\/\/libreria.heesacker.it\/wp-content\/uploads\/2023\/01\/tutorial_reminder.mp4\"><\/video><\/figure>\n\n\n\n<ol>\n  <li>Aprire il libro in cui si desidera attivare il promemoria.<\/li>\n  <li>Fare clic sull&#8217;icona con una rondella situata in alto a destra dello schermo.<\/li>\n  <li>Fare clic sull&#8217;opzione &#8220;Promemoria&#8221; al centro dello schermo.<\/li>\n<\/ol>\n","protected":false},"excerpt":{"rendered":"<p>Aggiungere un libro manualmente Aprire l&#8217;applicazione e fare clic sull&#8217;opzione &#8220;Aggiungi nuovo libro&#8221;. Fare clic sulla copertina del libro per cercarne una sul web. Selezionare l&#8217;immagine desiderata e fare clic su &#8220;Seleziona immagine&#8221;. Nella sezione &#8220;Valutazione&#8221;, utilizzare le stelle per assegnare una valutazione da 0 a 5 al libro. Se il libro \u00e8 nella tua [&hellip;]<\/p>\n","protected":false},"author":1,"featured_media":0,"parent":0,"menu_order":0,"comment_status":"closed","ping_status":"closed","template":"","meta":{"footnotes":""},"class_list":["post-33","page","type-page","status-publish","hentry"],"_links":{"self":[{"href":"https:\/\/libreria.heesacker.it\/index.php?rest_route=\/wp\/v2\/pages\/33","targetHints":{"allow":["GET"]}}],"collection":[{"href":"https:\/\/libreria.heesacker.it\/index.php?rest_route=\/wp\/v2\/pages"}],"about":[{"href":"https:\/\/libreria.heesacker.it\/index.php?rest_route=\/wp\/v2\/types\/page"}],"author":[{"embeddable":true,"href":"https:\/\/libreria.heesacker.it\/index.php?rest_route=\/wp\/v2\/users\/1"}],"replies":[{"embeddable":true,"href":"https:\/\/libreria.heesacker.it\/index.php?rest_route=%2Fwp%2Fv2%2Fcomments&post=33"}],"version-history":[{"count":18,"href":"https:\/\/libreria.heesacker.it\/index.php?rest_route=\/wp\/v2\/pages\/33\/revisions"}],"predecessor-version":[{"id":78,"href":"https:\/\/libreria.heesacker.it\/index.php?rest_route=\/wp\/v2\/pages\/33\/revisions\/78"}],"wp:attachment":[{"href":"https:\/\/libreria.heesacker.it\/index.php?rest_route=%2Fwp%2Fv2%2Fmedia&parent=33"}],"curies":[{"name":"wp","href":"https:\/\/api.w.org\/{rel}","templated":true}]}}